{"id":1722,"date":"2023-06-14T01:20:42","date_gmt":"2023-06-14T00:20:42","guid":{"rendered":"https:\/\/mamaiptv.com\/?page_id=1722"},"modified":"2023-10-15T02:42:46","modified_gmt":"2023-10-15T01:42:46","slug":"boutique","status":"publish","type":"page","link":"https:\/\/mamaiptv.com\/tr\/boutique\/","title":{"rendered":"Boutique"},"content":{"rendered":"<div data-elementor-type=\"wp-page\" data-elementor-id=\"1722\" class=\"elementor elementor-1722\">\n\t\t\t\t\t\t\t\t\t<section class=\"elementor-section elementor-top-section elementor-element elementor-element-85d07a9 elementor-section-boxed elementor-section-height-default elementor-section-height-default\" data-id=\"85d07a9\" data-element_type=\"section\">\n\t\t\t\t\t\t<div class=\"elementor-container elementor-column-gap-default\">\n\t\t\t\t\t<div class=\"elementor-column elementor-col-100 elementor-top-column elementor-element elementor-element-e9ce2f9\" data-id=\"e9ce2f9\" data-element_type=\"column\">\n\t\t\t<div class=\"elementor-widget-wrap elementor-element-populated\">\n\t\t\t\t\t\t\t\t<div class=\"elementor-element elementor-element-072b103 elementor-widget elementor-widget-zeinet-header\" data-id=\"072b103\" data-element_type=\"widget\" data-widget_type=\"zeinet-header.default\">\n\t\t\t\t<div class=\"elementor-widget-container\">\n\t\t\t\r\n\r\n\r\n\r\n\t<header class=\"main-header-three\">\r\n\t\t<div class=\"main-header-three__top\">\r\n\t\t\t<div class=\"main-header-three__top-inner\">\r\n\t\t\t\t<div class=\"main-header-three__top-left\">\r\n\t\t\t\t\t\t\t\t\t\t\t<ul class=\"list-unstyled main-menu-three__contact-list ml-0\">\r\n\t\t\t\t\t\t\t\t\t\t\t\t\t<\/ul>\r\n\t\t\t\t\t\t\t\t\t<\/div>\r\n\t\t\t\t<div class=\"main-header-three__top-right\">\r\n\t\t\t\t\t\t\t\t\t\t\t<div class=\"main-header-three__top-menu-box\">\r\n\t\t\t\t\t\t\t<ul class=\"list-unstyled main-header-three__top-menu ml-0\">\r\n\t\t\t\t\t\t\t\t\t\t\t\t\t\t\t<\/ul>\r\n\t\t\t\t\t\t<\/div>\r\n\t\t\t\t\t\t\t\t\t\t\t\t\t\t\t\t<div class=\"main-menu-three__social\">\r\n\t\t\t\t\t\t\t\t\t\t\t\t\t<\/div>\r\n\t\t\t\t\t\t\t\t\t<\/div>\r\n\t\t\t<\/div>\r\n\t\t<\/div>\r\n\t\t<nav class=\"main-menu main-menu-three\">\r\n\t\t\t<div class=\"main-menu-three__wrapper\">\r\n\t\t\t\t<div class=\"main-menu-three__wrapper-inner clearfix\">\r\n\t\t\t\t\t<div class=\"main-menu-three__left\">\r\n\t\t\t\t\t\t<div class=\"main-menu-three__logo\">\r\n\t\t\t\t\t\t\t<a href=\"https:\/\/mamaiptv.com\/tr\/\">\r\n\t\t\t\t\t\t\t\t<img decoding=\"async\" loading=\"lazy\" width=\"200\" height=\"46\" src=\"http:\/\/mamaiptv.com\/wp-content\/uploads\/2023\/05\/mamaIPTV_logo-1-min.png\" id=\"thm-logo\" alt=\"MAMA IPTV\">\r\n\t\t\t\t\t\t\t<\/a>\r\n\t\t\t\t\t\t<\/div>\r\n\t\t\t\t\t<\/div>\r\n\t\t\t\t\t<div class=\"main-menu-three__right\">\r\n\t\t\t\t\t\t<div class=\"main-menu-three__right-inner\">\r\n\t\t\t\t\t\t\t<div class=\"main-menu-three__main-menu-box\">\r\n\t\t\t\t\t\t\t\t<a href=\"#\" class=\"mobile-nav__toggler\"><i class=\"fa fa-bars\"><\/i><\/a>\r\n\t\t\t\t\t\t\t\t<div class=\"menu-main-container\"><ul id=\"menu-main\" class=\"main-menu__list\"><li id=\"menu-item-1716\" class=\"menu-item menu-item-type-post_type menu-item-object-page menu-item-home menu-item-1716\"><a href=\"https:\/\/mamaiptv.com\/tr\/\">MAMA IPTV<\/a><\/li>\n<li id=\"menu-item-1760\" class=\"menu-item menu-item-type-post_type menu-item-object-page menu-item-1760\"><a href=\"https:\/\/mamaiptv.com\/tr\/boutique\/\">Subscriptions<\/a><\/li>\n<li id=\"menu-item-1834\" class=\"menu-item menu-item-type-post_type menu-item-object-page menu-item-1834\"><a href=\"https:\/\/mamaiptv.com\/tr\/cart\/\">Cart<\/a><\/li>\n<\/ul><\/div>\t\t\t\t\t\t\t<\/div>\r\n\t\t\t\t\t\t\t<div class=\"main-menu-three__main-menu-content-box\">\r\n\t\t\t\t\t\t\t\t<div class=\"main-menu-three__search-help-line-btn-box\">\r\n\t\t\t\t\t\t\t\t\t<div class=\"main-menu-three__search-box\">\r\n\t\t\t\t\t\t\t\t\t\t\t\t\t\t\t\t\t\t\t\t\t\t\t\t\t\t\t\t\t\t\t<a href=\"https:\/\/mamaiptv.com\/tr\/cart\/\" class=\"main-menu-three__search  icon-shopping-cart\"><\/a>\r\n\t\t\t\t\t\t\t\t\t\t\t\t\t\t\t\t\t\t\t<\/div>\r\n\t\t\t\t\t\t\t\t\t\t\t\t\t\t\t\t\t\t\t\t\t\t\t\t\t\t<\/div>\r\n\t\t\t\t\t\t\t<\/div>\r\n\t\t\t\t\t\t<\/div>\r\n\t\t\t\t\t<\/div>\r\n\t\t\t\t<\/div>\r\n\t\t\t<\/div>\r\n\t\t<\/nav>\r\n\t<\/header>\r\n\r\n\t\r\n\r\n<div class=\"mobile-nav__wrapper\">\r\n\t<div class=\"mobile-nav__overlay mobile-nav__toggler\"><\/div>\r\n\t<!-- \/.mobile-nav__overlay -->\r\n\t<div class=\"mobile-nav__content\">\r\n\t\t<span class=\"mobile-nav__close mobile-nav__toggler\"><\/span>\r\n\r\n\t\t<div class=\"logo-box\">\r\n\t\t\t<a href=\"https:\/\/mamaiptv.com\/tr\/\">\r\n\t\t\t\t<img decoding=\"async\" loading=\"lazy\" width=\"200\" height=\"46\" src=\"http:\/\/mamaiptv.com\/wp-content\/uploads\/2023\/05\/mamaIPTV_logo-1-min.png\" id=\"mobile-thm-logo\" alt=\"MAMA IPTV\">\r\n\t\t\t<\/a>\r\n\t\t<\/div>\r\n\t\t<!-- \/.logo-box -->\r\n\t\t<div class=\"mobile-nav__container\"><\/div>\r\n\t\t<!-- \/.mobile-nav__container -->\r\n\t\t\t\t\t<\/ul><!-- \/.mobile-nav__contact -->\r\n\t\t\t<div class=\"mobile-nav__top\">\r\n\t\t\t\t<div class=\"mobile-nav__social\">\r\n\t\t\t\t\t\t\t\t\t<\/div><!-- \/.mobile-nav__social -->\r\n\t\t\t<\/div><!-- \/.mobile-nav__top -->\r\n\t<\/div>\r\n\t<!-- \/.mobile-nav__content -->\r\n<\/div>\r\n\r\n\r\n\r\n\r\n\t\t<\/div>\n\t\t\t\t<\/div>\n\t\t\t\t\t<\/div>\n\t\t<\/div>\n\t\t\t\t\t\t\t<\/div>\n\t\t<\/section>\n\t\t\t\t<section class=\"elementor-section elementor-top-section elementor-element elementor-element-2e4be68 elementor-section-boxed elementor-section-height-default elementor-section-height-default\" data-id=\"2e4be68\" data-element_type=\"section\">\n\t\t\t\t\t\t<div class=\"elementor-container elementor-column-gap-default\">\n\t\t\t\t\t<div class=\"elementor-column elementor-col-100 elementor-top-column elementor-element elementor-element-786bb91\" data-id=\"786bb91\" data-element_type=\"column\">\n\t\t\t<div class=\"elementor-widget-wrap elementor-element-populated\">\n\t\t\t\t\t\t\t\t<div class=\"elementor-element elementor-element-734e05c elementor-grid-4 elementor-grid-tablet-3 elementor-grid-mobile-2 elementor-products-grid elementor-wc-products elementor-widget elementor-widget-woocommerce-products\" data-id=\"734e05c\" data-element_type=\"widget\" data-widget_type=\"woocommerce-products.default\">\n\t\t\t\t<div class=\"elementor-widget-container\">\n\t\t\t<link rel=\"stylesheet\" href=\"https:\/\/mamaiptv.com\/wp-content\/plugins\/elementor-pro\/assets\/css\/widget-woocommerce.min.css\"><div class=\"woocommerce columns-4\"><ul class=\"products elementor-grid columns-4\">\n<li class=\"product__all-single product type-product post-1646 status-publish first instock product_cat-subscription-plans has-post-thumbnail sale virtual purchasable product-type-simple\">\r\n\t\t<div class=\"product__all-img\">\r\n\r\n\t<img loading=\"lazy\" width=\"270\" height=\"270\" src=\"https:\/\/mamaiptv.com\/wp-content\/uploads\/2023\/06\/386498cc07-min-270x270.jpg\" class=\"attachment-woocommerce_thumbnail size-woocommerce_thumbnail\" alt=\"\" decoding=\"async\" srcset=\"https:\/\/mamaiptv.com\/wp-content\/uploads\/2023\/06\/386498cc07-min-270x270.jpg 270w, https:\/\/mamaiptv.com\/wp-content\/uploads\/2023\/06\/386498cc07-min-280x280.jpg 280w, https:\/\/mamaiptv.com\/wp-content\/uploads\/2023\/06\/386498cc07-min-100x100.jpg 100w, https:\/\/mamaiptv.com\/wp-content\/uploads\/2023\/06\/386498cc07-min-24x24.jpg 24w, https:\/\/mamaiptv.com\/wp-content\/uploads\/2023\/06\/386498cc07-min-48x48.jpg 48w, https:\/\/mamaiptv.com\/wp-content\/uploads\/2023\/06\/386498cc07-min-96x96.jpg 96w, https:\/\/mamaiptv.com\/wp-content\/uploads\/2023\/06\/386498cc07-min-150x150.jpg 150w, https:\/\/mamaiptv.com\/wp-content\/uploads\/2023\/06\/386498cc07-min-300x300.jpg 300w\" sizes=\"(max-width: 270px) 100vw, 270px\" \/>\r\n\t\t<\/div>\r\n\t<div class=\"product__all-content\">\r\n\t\t\t<h4 class=\"product__all-title\"><a href=\"https:\/\/mamaiptv.com\/tr\/urun\/1-month\/\">1 Month<\/a><\/h4>\r\n\t\t\t<p class=\"product__all-price\"><del><span class=\"woocommerce-Price-amount amount\"><bdi><span class=\"woocommerce-Price-currencySymbol\">&#036;<\/span>&nbsp;26,99<\/bdi><\/span><\/del> <ins><span class=\"woocommerce-Price-amount amount\"><bdi><span class=\"woocommerce-Price-currencySymbol\">&#036;<\/span>&nbsp;16,99<\/bdi><\/span><\/ins><\/p><!-- \/.product__all-price -->\r\n\t <div class=\"product__add-to-cart\">\r\n\t\t\t<a href=\"?add-to-cart=1646\" data-quantity=\"1\" class=\"button product_type_simple add_to_cart_button thm-btn shop-one__cart add_to_cart_button ajax_add_to_cart zeinet_ajax\" data-product_id=\"1646\" data-product_sku=\"\" aria-label=\"\u201c1 Month\u201d \u00fcr\u00fcn\u00fcn\u00fc sepete ekle\" rel=\"nofollow\" data-no-translation=\"\" data-trp-gettext=\"\" data-no-translation-aria-label=\"\">Sepete Ekle<\/a>\t\t<\/div>\r\n\t\t<\/div>\r\n<\/li><li class=\"product__all-single product type-product post-1642 status-publish instock product_cat-subscription-plans has-post-thumbnail sale virtual purchasable product-type-simple\">\r\n\t\t<div class=\"product__all-img\">\r\n\r\n\t<img loading=\"lazy\" width=\"270\" height=\"270\" src=\"https:\/\/mamaiptv.com\/wp-content\/uploads\/2023\/06\/0f23deecf6-min-270x270.jpg\" class=\"attachment-woocommerce_thumbnail size-woocommerce_thumbnail\" alt=\"\" decoding=\"async\" srcset=\"https:\/\/mamaiptv.com\/wp-content\/uploads\/2023\/06\/0f23deecf6-min-270x270.jpg 270w, https:\/\/mamaiptv.com\/wp-content\/uploads\/2023\/06\/0f23deecf6-min-280x280.jpg 280w, https:\/\/mamaiptv.com\/wp-content\/uploads\/2023\/06\/0f23deecf6-min-100x100.jpg 100w, https:\/\/mamaiptv.com\/wp-content\/uploads\/2023\/06\/0f23deecf6-min-24x24.jpg 24w, https:\/\/mamaiptv.com\/wp-content\/uploads\/2023\/06\/0f23deecf6-min-48x48.jpg 48w, https:\/\/mamaiptv.com\/wp-content\/uploads\/2023\/06\/0f23deecf6-min-96x96.jpg 96w, https:\/\/mamaiptv.com\/wp-content\/uploads\/2023\/06\/0f23deecf6-min-150x150.jpg 150w, https:\/\/mamaiptv.com\/wp-content\/uploads\/2023\/06\/0f23deecf6-min-300x300.jpg 300w\" sizes=\"(max-width: 270px) 100vw, 270px\" \/>\r\n\t\t<\/div>\r\n\t<div class=\"product__all-content\">\r\n\t\t\t<h4 class=\"product__all-title\"><a href=\"https:\/\/mamaiptv.com\/tr\/urun\/3-months\/\">3 Months<\/a><\/h4>\r\n\t\t\t<p class=\"product__all-price\"><del><span class=\"woocommerce-Price-amount amount\"><bdi><span class=\"woocommerce-Price-currencySymbol\">&#036;<\/span>&nbsp;56,66<\/bdi><\/span><\/del> <ins><span class=\"woocommerce-Price-amount amount\"><bdi><span class=\"woocommerce-Price-currencySymbol\">&#036;<\/span>&nbsp;39,99<\/bdi><\/span><\/ins><\/p><!-- \/.product__all-price -->\r\n\t <div class=\"product__add-to-cart\">\r\n\t\t\t<a href=\"?add-to-cart=1642\" data-quantity=\"1\" class=\"button product_type_simple add_to_cart_button thm-btn shop-one__cart add_to_cart_button ajax_add_to_cart zeinet_ajax\" data-product_id=\"1642\" data-product_sku=\"\" aria-label=\"\u201c3 Months\u201d \u00fcr\u00fcn\u00fcn\u00fc sepete ekle\" rel=\"nofollow\" data-no-translation=\"\" data-trp-gettext=\"\" data-no-translation-aria-label=\"\">Sepete Ekle<\/a>\t\t<\/div>\r\n\t\t<\/div>\r\n<\/li><li class=\"product__all-single product type-product post-1640 status-publish instock product_cat-subscription-plans has-post-thumbnail sale virtual purchasable product-type-simple\">\r\n\t\t<div class=\"product__all-img\">\r\n\r\n\t<img loading=\"lazy\" width=\"270\" height=\"270\" src=\"https:\/\/mamaiptv.com\/wp-content\/uploads\/2023\/06\/ca973ae175-min-1-270x270.jpg\" class=\"attachment-woocommerce_thumbnail size-woocommerce_thumbnail\" alt=\"\" decoding=\"async\" srcset=\"https:\/\/mamaiptv.com\/wp-content\/uploads\/2023\/06\/ca973ae175-min-1-270x270.jpg 270w, https:\/\/mamaiptv.com\/wp-content\/uploads\/2023\/06\/ca973ae175-min-1-280x280.jpg 280w, https:\/\/mamaiptv.com\/wp-content\/uploads\/2023\/06\/ca973ae175-min-1-100x100.jpg 100w, https:\/\/mamaiptv.com\/wp-content\/uploads\/2023\/06\/ca973ae175-min-1-24x24.jpg 24w, https:\/\/mamaiptv.com\/wp-content\/uploads\/2023\/06\/ca973ae175-min-1-48x48.jpg 48w, https:\/\/mamaiptv.com\/wp-content\/uploads\/2023\/06\/ca973ae175-min-1-96x96.jpg 96w, https:\/\/mamaiptv.com\/wp-content\/uploads\/2023\/06\/ca973ae175-min-1-150x150.jpg 150w, https:\/\/mamaiptv.com\/wp-content\/uploads\/2023\/06\/ca973ae175-min-1-300x300.jpg 300w\" sizes=\"(max-width: 270px) 100vw, 270px\" \/>\r\n\t\t<\/div>\r\n\t<div class=\"product__all-content\">\r\n\t\t\t<h4 class=\"product__all-title\"><a href=\"https:\/\/mamaiptv.com\/tr\/urun\/6-months\/\">6 Months<\/a><\/h4>\r\n\t\t\t<p class=\"product__all-price\"><del><span class=\"woocommerce-Price-amount amount\"><bdi><span class=\"woocommerce-Price-currencySymbol\">&#036;<\/span>&nbsp;79,99<\/bdi><\/span><\/del> <ins><span class=\"woocommerce-Price-amount amount\"><bdi><span class=\"woocommerce-Price-currencySymbol\">&#036;<\/span>&nbsp;59,99<\/bdi><\/span><\/ins><\/p><!-- \/.product__all-price -->\r\n\t <div class=\"product__add-to-cart\">\r\n\t\t\t<a href=\"?add-to-cart=1640\" data-quantity=\"1\" class=\"button product_type_simple add_to_cart_button thm-btn shop-one__cart add_to_cart_button ajax_add_to_cart zeinet_ajax\" data-product_id=\"1640\" data-product_sku=\"\" aria-label=\"\u201c6 Months\u201d \u00fcr\u00fcn\u00fcn\u00fc sepete ekle\" rel=\"nofollow\" data-no-translation=\"\" data-trp-gettext=\"\" data-no-translation-aria-label=\"\">Sepete Ekle<\/a>\t\t<\/div>\r\n\t\t<\/div>\r\n<\/li><li class=\"product__all-single product type-product post-1549 status-publish last instock product_cat-subscription-plans has-post-thumbnail sale virtual purchasable product-type-simple\">\r\n\t\t<div class=\"product__all-img\">\r\n\r\n\t<img loading=\"lazy\" width=\"270\" height=\"270\" src=\"https:\/\/mamaiptv.com\/wp-content\/uploads\/2023\/06\/e35fa74af8-min-270x270.jpg\" class=\"attachment-woocommerce_thumbnail size-woocommerce_thumbnail\" alt=\"\" decoding=\"async\" srcset=\"https:\/\/mamaiptv.com\/wp-content\/uploads\/2023\/06\/e35fa74af8-min-270x270.jpg 270w, https:\/\/mamaiptv.com\/wp-content\/uploads\/2023\/06\/e35fa74af8-min-280x280.jpg 280w, https:\/\/mamaiptv.com\/wp-content\/uploads\/2023\/06\/e35fa74af8-min-100x100.jpg 100w, https:\/\/mamaiptv.com\/wp-content\/uploads\/2023\/06\/e35fa74af8-min-24x24.jpg 24w, https:\/\/mamaiptv.com\/wp-content\/uploads\/2023\/06\/e35fa74af8-min-48x48.jpg 48w, https:\/\/mamaiptv.com\/wp-content\/uploads\/2023\/06\/e35fa74af8-min-96x96.jpg 96w, https:\/\/mamaiptv.com\/wp-content\/uploads\/2023\/06\/e35fa74af8-min-150x150.jpg 150w, https:\/\/mamaiptv.com\/wp-content\/uploads\/2023\/06\/e35fa74af8-min-300x300.jpg 300w\" sizes=\"(max-width: 270px) 100vw, 270px\" \/>\r\n\t\t<\/div>\r\n\t<div class=\"product__all-content\">\r\n\t\t\t<h4 class=\"product__all-title\"><a href=\"https:\/\/mamaiptv.com\/tr\/urun\/1-year\/\">1 Year<\/a><\/h4>\r\n\t\t\t<p class=\"product__all-price\"><del><span class=\"woocommerce-Price-amount amount\"><bdi><span class=\"woocommerce-Price-currencySymbol\">&#036;<\/span>&nbsp;120,00<\/bdi><\/span><\/del> <ins><span class=\"woocommerce-Price-amount amount\"><bdi><span class=\"woocommerce-Price-currencySymbol\">&#036;<\/span>&nbsp;69,99<\/bdi><\/span><\/ins><\/p><!-- \/.product__all-price -->\r\n\t <div class=\"product__add-to-cart\">\r\n\t\t\t<a href=\"?add-to-cart=1549\" data-quantity=\"1\" class=\"button product_type_simple add_to_cart_button thm-btn shop-one__cart add_to_cart_button ajax_add_to_cart zeinet_ajax\" data-product_id=\"1549\" data-product_sku=\"\" aria-label=\"\u201c1 Year\u201d \u00fcr\u00fcn\u00fcn\u00fc sepete ekle\" rel=\"nofollow\" data-no-translation=\"\" data-trp-gettext=\"\" data-no-translation-aria-label=\"\">Sepete Ekle<\/a>\t\t<\/div>\r\n\t\t<\/div>\r\n<\/li><\/ul>\n<\/div>\t\t<\/div>\n\t\t\t\t<\/div>\n\t\t\t\t\t<\/div>\n\t\t<\/div>\n\t\t\t\t\t\t\t<\/div>\n\t\t<\/section>\n\t\t\t\t\t\t\t<\/div>","protected":false},"excerpt":{"rendered":"<p>MAMA IPTV Subscriptions Contact<\/p>","protected":false},"author":1,"featured_media":0,"parent":0,"menu_order":0,"comment_status":"closed","ping_status":"closed","template":"","meta":{"om_disable_all_campaigns":false,"_mi_skip_tracking":false,"_monsterinsights_sitenote_active":false,"_monsterinsights_sitenote_note":"","_monsterinsights_sitenote_category":0,"footnotes":""},"aioseo_notices":[],"_links":{"self":[{"href":"https:\/\/mamaiptv.com\/tr\/wp-json\/wp\/v2\/pages\/1722"}],"collection":[{"href":"https:\/\/mamaiptv.com\/tr\/wp-json\/wp\/v2\/pages"}],"about":[{"href":"https:\/\/mamaiptv.com\/tr\/wp-json\/wp\/v2\/types\/page"}],"author":[{"embeddable":true,"href":"https:\/\/mamaiptv.com\/tr\/wp-json\/wp\/v2\/users\/1"}],"replies":[{"embeddable":true,"href":"https:\/\/mamaiptv.com\/tr\/wp-json\/wp\/v2\/comments?post=1722"}],"version-history":[{"count":14,"href":"https:\/\/mamaiptv.com\/tr\/wp-json\/wp\/v2\/pages\/1722\/revisions"}],"predecessor-version":[{"id":1851,"href":"https:\/\/mamaiptv.com\/tr\/wp-json\/wp\/v2\/pages\/1722\/revisions\/1851"}],"wp:attachment":[{"href":"https:\/\/mamaiptv.com\/tr\/wp-json\/wp\/v2\/media?parent=1722"}],"curies":[{"name":"wp","href":"https:\/\/api.w.org\/{rel}","templated":true}]}}